{"id":901,"date":"2024-11-06T12:34:40","date_gmt":"2024-11-06T11:34:40","guid":{"rendered":"https:\/\/ecocgm.com\/es\/?page_id=901"},"modified":"2026-02-10T12:51:41","modified_gmt":"2026-02-10T11:51:41","slug":"grants","status":"publish","type":"page","link":"https:\/\/ecocgm.com\/en\/grants\/","title":{"rendered":"Grants"},"content":{"rendered":"\t\t<div data-elementor-type=\"wp-page\" data-elementor-id=\"901\" class=\"elementor elementor-901\" data-elementor-post-type=\"page\">\n\t\t\t\t\t\t<section class=\"elementor-section elementor-top-section elementor-element elementor-element-9f509a6 elementor-section-boxed elementor-section-height-default elementor-section-height-default\" data-id=\"9f509a6\" data-element_type=\"section\" data-e-type=\"section\">\n\t\t\t\t\t\t<div class=\"elementor-container elementor-column-gap-default\">\n\t\t\t\t\t<div class=\"elementor-column elementor-col-100 elementor-top-column elementor-element elementor-element-9e98483\" data-id=\"9e98483\" data-element_type=\"column\" data-e-type=\"column\">\n\t\t\t<div class=\"elementor-widget-wrap elementor-element-populated\">\n\t\t\t\t\t\t<div class=\"elementor-element elementor-element-475a2fb elementor-widget elementor-widget-heading\" data-id=\"475a2fb\" data-element_type=\"widget\" data-e-type=\"widget\" data-widget_type=\"heading.default\">\n\t\t\t\t<div class=\"elementor-widget-container\">\n\t\t\t\t\t<h2 class=\"elementor-heading-title elementor-size-default\"><b>EXPEDIENTE ICA022\/21\/000764<\/b><\/h2>\t\t\t\t<\/div>\n\t\t\t\t<\/div>\n\t\t\t\t<div class=\"elementor-element elementor-element-7c53f5c elementor-widget elementor-widget-image\" data-id=\"7c53f5c\" data-element_type=\"widget\" data-e-type=\"widget\" data-widget_type=\"image.default\">\n\t\t\t\t<div class=\"elementor-widget-container\">\n\t\t\t\t\t\t\t\t\t\t\t\t\t\t\t<img fetchpriority=\"high\" decoding=\"async\" width=\"890\" height=\"631\" src=\"https:\/\/ecocgm.com\/en\/wp-content\/uploads\/sites\/3\/image1-4-1.jpg\" class=\"attachment-full size-full wp-image-1087\" alt=\"\" srcset=\"https:\/\/ecocgm.com\/en\/wp-content\/uploads\/sites\/3\/image1-4-1.jpg 890w, https:\/\/ecocgm.com\/en\/wp-content\/uploads\/sites\/3\/image1-4-1-300x213.jpg 300w, https:\/\/ecocgm.com\/en\/wp-content\/uploads\/sites\/3\/image1-4-1-768x545.jpg 768w\" sizes=\"(max-width: 890px) 100vw, 890px\" \/>\t\t\t\t\t\t\t\t\t\t\t\t\t\t\t<\/div>\n\t\t\t\t<\/div>\n\t\t\t\t<div class=\"elementor-element elementor-element-612a057 elementor-widget elementor-widget-text-editor\" data-id=\"612a057\" data-element_type=\"widget\" data-e-type=\"widget\" data-widget_type=\"text-editor.default\">\n\t\t\t\t<div class=\"elementor-widget-container\">\n\t\t\t\t\t\t\t\t\t<p><strong>CENTRE DE GESTIO MEDIOAMBIENTAL, S.L.<\/strong> ha recibido una ayuda para su proyecto de ahorro y eficiencia energ\u00e9tica SUSTITUCI\u00d3N DE PRENSA CONTINUA POR UN NUEVO EQUIPO DE ALTA EFICIENCIA cofinanciada por el Fondo Europeo de Desarrollo Regional (FEDER), coordinada por IDAE y gestionada por las autonom\u00edas, con cargo al Fondo Nacional de Eficiencia Energ\u00e9tica, con el objetivo de conseguir una econom\u00eda m\u00e1s limpia y sostenible. Se ha elaborado un proyecto de ahorro y eficiencia energ\u00e9tica consistente en la sustituci\u00f3n de una prensa continua de baja eficiencia por un equipo de alta eficiencia. Se ha requerido la colaboraci\u00f3n de los mejores fabricantes de equipamiento del sector, que nos aportar\u00e1n grandes ahorros energ\u00e9ticos y medioambientales en el proceso. Gracias al proyecto se ahorran 24,58 teps anuales.<\/p>\t\t\t\t\t\t\t\t<\/div>\n\t\t\t\t<\/div>\n\t\t\t\t\t<\/div>\n\t\t<\/div>\n\t\t\t\t\t<\/div>\n\t\t<\/section>\n\t\t\t\t<section class=\"elementor-section elementor-top-section elementor-element elementor-element-658f9a0 elementor-section-boxed elementor-section-height-default elementor-section-height-default\" data-id=\"658f9a0\" data-element_type=\"section\" data-e-type=\"section\">\n\t\t\t\t\t\t<div class=\"elementor-container elementor-column-gap-default\">\n\t\t\t\t\t<div class=\"elementor-column elementor-col-100 elementor-top-column elementor-element elementor-element-d1c8e4c\" data-id=\"d1c8e4c\" data-element_type=\"column\" data-e-type=\"column\">\n\t\t\t<div class=\"elementor-widget-wrap elementor-element-populated\">\n\t\t\t\t\t\t<div class=\"elementor-element elementor-element-34863ac elementor-widget elementor-widget-heading\" data-id=\"34863ac\" data-element_type=\"widget\" data-e-type=\"widget\" data-widget_type=\"heading.default\">\n\t\t\t\t<div class=\"elementor-widget-container\">\n\t\t\t\t\t<h2 class=\"elementor-heading-title elementor-size-default\"><b>FILE ICA022\/21\/000396<\/b><\/h2>\t\t\t\t<\/div>\n\t\t\t\t<\/div>\n\t\t\t\t<div class=\"elementor-element elementor-element-171bb1c elementor-widget elementor-widget-image\" data-id=\"171bb1c\" data-element_type=\"widget\" data-e-type=\"widget\" data-widget_type=\"image.default\">\n\t\t\t\t<div class=\"elementor-widget-container\">\n\t\t\t\t\t\t\t\t\t\t\t\t\t\t\t<img decoding=\"async\" src=\"https:\/\/ecocgm.com\/wp-content\/uploads\/expediente-ica022-ecocgm.png\" title=\"\" alt=\"\" loading=\"lazy\" \/>\t\t\t\t\t\t\t\t\t\t\t\t\t\t\t<\/div>\n\t\t\t\t<\/div>\n\t\t\t\t<div class=\"elementor-element elementor-element-18ef4c0 elementor-widget elementor-widget-text-editor\" data-id=\"18ef4c0\" data-element_type=\"widget\" data-e-type=\"widget\" data-widget_type=\"text-editor.default\">\n\t\t\t\t<div class=\"elementor-widget-container\">\n\t\t\t\t\t\t\t\t\t<p><strong>CENTRE DE GESTIO MEDIOAMBIENTAL, S.L<\/strong> has received financial support for its energy-saving and efficiency project \u201cREPLACEMENT OF PROCESS EQUIPMENT WITH NEW HIGH-EFFICIENCY SYSTEMS\u201d, co-financed by the European Regional Development Fund (ERDF), coordinated by IDAE and managed by regional authorities, under the National Energy Efficiency Fund, with the aim of achieving a cleaner and more sustainable economy.<\/p><p>An energy-saving and efficiency project has been developed to replace the product shredding system with a new, high-efficiency one. The collaboration of leading equipment manufacturers in the sector has been essential, enabling significant energy and environmental savings throughout the process.<\/p><p>Thanks to this project, 51.6 toe (tons of oil equivalent) are saved annually.<\/p>\t\t\t\t\t\t\t\t<\/div>\n\t\t\t\t<\/div>\n\t\t\t\t\t<\/div>\n\t\t<\/div>\n\t\t\t\t\t<\/div>\n\t\t<\/section>\n\t\t\t\t<\/div>\n\t\t","protected":false},"excerpt":{"rendered":"<p>EXPEDIENTE ICA022\/21\/000764 CENTRE DE GESTIO MEDIOAMBIENTAL, S.L. ha recibido una ayuda para su proyecto de ahorro y eficiencia energ\u00e9tica SUSTITUCI\u00d3N DE PRENSA CONTINUA POR UN NUEVO EQUIPO DE ALTA EFICIENCIA cofinanciada por el Fondo Europeo de Desarrollo Regional (FEDER), coordinada por IDAE y gestionada por las autonom\u00edas, con cargo al Fondo Nacional de Eficiencia Energ\u00e9tica, &#8230; <a title=\"Grants\" class=\"read-more\" href=\"https:\/\/ecocgm.com\/en\/grants\/\" aria-label=\"Read more about Grants\">Read more<\/a><\/p>\n","protected":false},"author":1,"featured_media":0,"parent":0,"menu_order":0,"comment_status":"closed","ping_status":"closed","template":"","meta":{"editor_notices":[],"footnotes":""},"class_list":["post-901","page","type-page","status-publish"],"yoast_head":"<!-- This site is optimized with the Yoast SEO plugin v27.4 - https:\/\/yoast.com\/product\/yoast-seo-wordpress\/ -->\n<title>Grants - CGM - Centro de Gesti\u00f3n Mediambiental<\/title>\n<meta name=\"robots\" content=\"index, follow, max-snippet:-1, max-image-preview:large, max-video-preview:-1\" \/>\n<link rel=\"canonical\" href=\"https:\/\/ecocgm.com\/en\/grants\/\" \/>\n<meta property=\"og:locale\" content=\"en_US\" \/>\n<meta property=\"og:type\" content=\"article\" \/>\n<meta property=\"og:title\" content=\"Grants - CGM - Centro de Gesti\u00f3n Mediambiental\" \/>\n<meta property=\"og:description\" content=\"EXPEDIENTE ICA022\/21\/000764 CENTRE DE GESTIO MEDIOAMBIENTAL, S.L. ha recibido una ayuda para su proyecto de ahorro y eficiencia energ\u00e9tica SUSTITUCI\u00d3N DE PRENSA CONTINUA POR UN NUEVO EQUIPO DE ALTA EFICIENCIA cofinanciada por el Fondo Europeo de Desarrollo Regional (FEDER), coordinada por IDAE y gestionada por las autonom\u00edas, con cargo al Fondo Nacional de Eficiencia Energ\u00e9tica, ... Read more\" \/>\n<meta property=\"og:url\" content=\"https:\/\/ecocgm.com\/en\/grants\/\" \/>\n<meta property=\"og:site_name\" content=\"CGM\" \/>\n<meta property=\"article:modified_time\" content=\"2026-02-10T11:51:41+00:00\" \/>\n<meta property=\"og:image\" content=\"http:\/\/ecocgm.com\/en\/wp-content\/uploads\/sites\/3\/image1-4-1.jpg\" \/>\n<meta name=\"twitter:card\" content=\"summary_large_image\" \/>\n<meta name=\"twitter:label1\" content=\"Est. reading time\" \/>\n\t<meta name=\"twitter:data1\" content=\"2 minutes\" \/>\n<script type=\"application\/ld+json\" class=\"yoast-schema-graph\">{\"@context\":\"https:\\\/\\\/schema.org\",\"@graph\":[{\"@type\":\"WebPage\",\"@id\":\"https:\\\/\\\/ecocgm.com\\\/en\\\/grants\\\/\",\"url\":\"https:\\\/\\\/ecocgm.com\\\/en\\\/grants\\\/\",\"name\":\"Grants - CGM - Centro de Gesti\u00f3n Mediambiental\",\"isPartOf\":{\"@id\":\"https:\\\/\\\/ecocgm.com\\\/en\\\/#website\"},\"primaryImageOfPage\":{\"@id\":\"https:\\\/\\\/ecocgm.com\\\/en\\\/grants\\\/#primaryimage\"},\"image\":{\"@id\":\"https:\\\/\\\/ecocgm.com\\\/en\\\/grants\\\/#primaryimage\"},\"thumbnailUrl\":\"http:\\\/\\\/ecocgm.com\\\/en\\\/wp-content\\\/uploads\\\/sites\\\/3\\\/image1-4-1.jpg\",\"datePublished\":\"2024-11-06T11:34:40+00:00\",\"dateModified\":\"2026-02-10T11:51:41+00:00\",\"breadcrumb\":{\"@id\":\"https:\\\/\\\/ecocgm.com\\\/en\\\/grants\\\/#breadcrumb\"},\"inLanguage\":\"en-US\",\"potentialAction\":[{\"@type\":\"ReadAction\",\"target\":[\"https:\\\/\\\/ecocgm.com\\\/en\\\/grants\\\/\"]}]},{\"@type\":\"ImageObject\",\"inLanguage\":\"en-US\",\"@id\":\"https:\\\/\\\/ecocgm.com\\\/en\\\/grants\\\/#primaryimage\",\"url\":\"https:\\\/\\\/ecocgm.com\\\/en\\\/wp-content\\\/uploads\\\/sites\\\/3\\\/image1-4-1.jpg\",\"contentUrl\":\"https:\\\/\\\/ecocgm.com\\\/en\\\/wp-content\\\/uploads\\\/sites\\\/3\\\/image1-4-1.jpg\",\"width\":890,\"height\":631},{\"@type\":\"BreadcrumbList\",\"@id\":\"https:\\\/\\\/ecocgm.com\\\/en\\\/grants\\\/#breadcrumb\",\"itemListElement\":[{\"@type\":\"ListItem\",\"position\":1,\"name\":\"Portada\",\"item\":\"https:\\\/\\\/ecocgm.com\\\/en\\\/\"},{\"@type\":\"ListItem\",\"position\":2,\"name\":\"Grants\"}]},{\"@type\":\"WebSite\",\"@id\":\"https:\\\/\\\/ecocgm.com\\\/en\\\/#website\",\"url\":\"https:\\\/\\\/ecocgm.com\\\/en\\\/\",\"name\":\"CGM\",\"description\":\"Centro de Gesti\u00f3n Mediambiental\",\"publisher\":{\"@id\":\"https:\\\/\\\/ecocgm.com\\\/en\\\/#organization\"},\"potentialAction\":[{\"@type\":\"SearchAction\",\"target\":{\"@type\":\"EntryPoint\",\"urlTemplate\":\"https:\\\/\\\/ecocgm.com\\\/en\\\/?s={search_term_string}\"},\"query-input\":{\"@type\":\"PropertyValueSpecification\",\"valueRequired\":true,\"valueName\":\"search_term_string\"}}],\"inLanguage\":\"en-US\"},{\"@type\":\"Organization\",\"@id\":\"https:\\\/\\\/ecocgm.com\\\/en\\\/#organization\",\"name\":\"CGM\",\"url\":\"https:\\\/\\\/ecocgm.com\\\/en\\\/\",\"logo\":{\"@type\":\"ImageObject\",\"inLanguage\":\"en-US\",\"@id\":\"https:\\\/\\\/ecocgm.com\\\/en\\\/#\\\/schema\\\/logo\\\/image\\\/\",\"url\":\"https:\\\/\\\/ecocgm.com\\\/en\\\/wp-content\\\/uploads\\\/sites\\\/3\\\/1-logo-cabecera-560x100px.png\",\"contentUrl\":\"https:\\\/\\\/ecocgm.com\\\/en\\\/wp-content\\\/uploads\\\/sites\\\/3\\\/1-logo-cabecera-560x100px.png\",\"width\":561,\"height\":101,\"caption\":\"CGM\"},\"image\":{\"@id\":\"https:\\\/\\\/ecocgm.com\\\/en\\\/#\\\/schema\\\/logo\\\/image\\\/\"}}]}<\/script>\n<!-- \/ Yoast SEO plugin. -->","yoast_head_json":{"title":"Grants - CGM - Centro de Gesti\u00f3n Mediambiental","robots":{"index":"index","follow":"follow","max-snippet":"max-snippet:-1","max-image-preview":"max-image-preview:large","max-video-preview":"max-video-preview:-1"},"canonical":"https:\/\/ecocgm.com\/en\/grants\/","og_locale":"en_US","og_type":"article","og_title":"Grants - CGM - Centro de Gesti\u00f3n Mediambiental","og_description":"EXPEDIENTE ICA022\/21\/000764 CENTRE DE GESTIO MEDIOAMBIENTAL, S.L. ha recibido una ayuda para su proyecto de ahorro y eficiencia energ\u00e9tica SUSTITUCI\u00d3N DE PRENSA CONTINUA POR UN NUEVO EQUIPO DE ALTA EFICIENCIA cofinanciada por el Fondo Europeo de Desarrollo Regional (FEDER), coordinada por IDAE y gestionada por las autonom\u00edas, con cargo al Fondo Nacional de Eficiencia Energ\u00e9tica, ... Read more","og_url":"https:\/\/ecocgm.com\/en\/grants\/","og_site_name":"CGM","article_modified_time":"2026-02-10T11:51:41+00:00","og_image":[{"url":"http:\/\/ecocgm.com\/en\/wp-content\/uploads\/sites\/3\/image1-4-1.jpg","type":"","width":"","height":""}],"twitter_card":"summary_large_image","twitter_misc":{"Est. reading time":"2 minutes"},"schema":{"@context":"https:\/\/schema.org","@graph":[{"@type":"WebPage","@id":"https:\/\/ecocgm.com\/en\/grants\/","url":"https:\/\/ecocgm.com\/en\/grants\/","name":"Grants - CGM - Centro de Gesti\u00f3n Mediambiental","isPartOf":{"@id":"https:\/\/ecocgm.com\/en\/#website"},"primaryImageOfPage":{"@id":"https:\/\/ecocgm.com\/en\/grants\/#primaryimage"},"image":{"@id":"https:\/\/ecocgm.com\/en\/grants\/#primaryimage"},"thumbnailUrl":"http:\/\/ecocgm.com\/en\/wp-content\/uploads\/sites\/3\/image1-4-1.jpg","datePublished":"2024-11-06T11:34:40+00:00","dateModified":"2026-02-10T11:51:41+00:00","breadcrumb":{"@id":"https:\/\/ecocgm.com\/en\/grants\/#breadcrumb"},"inLanguage":"en-US","potentialAction":[{"@type":"ReadAction","target":["https:\/\/ecocgm.com\/en\/grants\/"]}]},{"@type":"ImageObject","inLanguage":"en-US","@id":"https:\/\/ecocgm.com\/en\/grants\/#primaryimage","url":"https:\/\/ecocgm.com\/en\/wp-content\/uploads\/sites\/3\/image1-4-1.jpg","contentUrl":"https:\/\/ecocgm.com\/en\/wp-content\/uploads\/sites\/3\/image1-4-1.jpg","width":890,"height":631},{"@type":"BreadcrumbList","@id":"https:\/\/ecocgm.com\/en\/grants\/#breadcrumb","itemListElement":[{"@type":"ListItem","position":1,"name":"Portada","item":"https:\/\/ecocgm.com\/en\/"},{"@type":"ListItem","position":2,"name":"Grants"}]},{"@type":"WebSite","@id":"https:\/\/ecocgm.com\/en\/#website","url":"https:\/\/ecocgm.com\/en\/","name":"CGM","description":"Centro de Gesti\u00f3n Mediambiental","publisher":{"@id":"https:\/\/ecocgm.com\/en\/#organization"},"potentialAction":[{"@type":"SearchAction","target":{"@type":"EntryPoint","urlTemplate":"https:\/\/ecocgm.com\/en\/?s={search_term_string}"},"query-input":{"@type":"PropertyValueSpecification","valueRequired":true,"valueName":"search_term_string"}}],"inLanguage":"en-US"},{"@type":"Organization","@id":"https:\/\/ecocgm.com\/en\/#organization","name":"CGM","url":"https:\/\/ecocgm.com\/en\/","logo":{"@type":"ImageObject","inLanguage":"en-US","@id":"https:\/\/ecocgm.com\/en\/#\/schema\/logo\/image\/","url":"https:\/\/ecocgm.com\/en\/wp-content\/uploads\/sites\/3\/1-logo-cabecera-560x100px.png","contentUrl":"https:\/\/ecocgm.com\/en\/wp-content\/uploads\/sites\/3\/1-logo-cabecera-560x100px.png","width":561,"height":101,"caption":"CGM"},"image":{"@id":"https:\/\/ecocgm.com\/en\/#\/schema\/logo\/image\/"}}]}},"_links":{"self":[{"href":"https:\/\/ecocgm.com\/en\/wp-json\/wp\/v2\/pages\/901","targetHints":{"allow":["GET"]}}],"collection":[{"href":"https:\/\/ecocgm.com\/en\/wp-json\/wp\/v2\/pages"}],"about":[{"href":"https:\/\/ecocgm.com\/en\/wp-json\/wp\/v2\/types\/page"}],"author":[{"embeddable":true,"href":"https:\/\/ecocgm.com\/en\/wp-json\/wp\/v2\/users\/1"}],"replies":[{"embeddable":true,"href":"https:\/\/ecocgm.com\/en\/wp-json\/wp\/v2\/comments?post=901"}],"version-history":[{"count":15,"href":"https:\/\/ecocgm.com\/en\/wp-json\/wp\/v2\/pages\/901\/revisions"}],"predecessor-version":[{"id":1090,"href":"https:\/\/ecocgm.com\/en\/wp-json\/wp\/v2\/pages\/901\/revisions\/1090"}],"wp:attachment":[{"href":"https:\/\/ecocgm.com\/en\/wp-json\/wp\/v2\/media?parent=901"}],"curies":[{"name":"wp","href":"https:\/\/api.w.org\/{rel}","templated":true}]}}