{"id":15,"date":"2018-07-06T18:31:14","date_gmt":"2018-07-06T16:31:14","guid":{"rendered":"https:\/\/ecocgm.com\/?page_id=15"},"modified":"2022-04-27T12:58:25","modified_gmt":"2022-04-27T10:58:25","slug":"quienes-somos","status":"publish","type":"page","link":"https:\/\/ecocgm.com\/es\/quienes-somos\/","title":{"rendered":"Qui\u00e9nes somos"},"content":{"rendered":"\t\t<div data-elementor-type=\"wp-post\" data-elementor-id=\"15\" class=\"elementor elementor-15\" data-elementor-post-type=\"page\">\n\t\t\t\t\t\t<section class=\"elementor-section elementor-top-section elementor-element elementor-element-8036b47 elementor-section-height-min-height elementor-section-items-top elementor-section-boxed elementor-section-height-default\" data-id=\"8036b47\" data-element_type=\"section\" data-e-type=\"section\" data-settings=\"{&quot;background_background&quot;:&quot;classic&quot;}\">\n\t\t\t\t\t\t\t<div class=\"elementor-background-overlay\"><\/div>\n\t\t\t\t\t\t\t<div class=\"elementor-container elementor-column-gap-default\">\n\t\t\t\t\t<div class=\"elementor-column elementor-col-100 elementor-top-column elementor-element elementor-element-3baf88c\" data-id=\"3baf88c\" data-element_type=\"column\" data-e-type=\"column\">\n\t\t\t<div class=\"elementor-widget-wrap\">\n\t\t\t\t\t\t\t<\/div>\n\t\t<\/div>\n\t\t\t\t\t<\/div>\n\t\t<\/section>\n\t\t\t\t<section class=\"elementor-section elementor-top-section elementor-element elementor-element-ddd2bf8 elementor-section-boxed elementor-section-height-default elementor-section-height-default\" data-id=\"ddd2bf8\" data-element_type=\"section\" data-e-type=\"section\">\n\t\t\t\t\t\t<div class=\"elementor-container elementor-column-gap-default\">\n\t\t\t\t\t<div class=\"elementor-column elementor-col-100 elementor-top-column elementor-element elementor-element-e6d9452\" data-id=\"e6d9452\" data-element_type=\"column\" data-e-type=\"column\">\n\t\t\t<div class=\"elementor-widget-wrap elementor-element-populated\">\n\t\t\t\t\t\t<div class=\"elementor-element elementor-element-ebfee5a elementor-widget elementor-widget-image\" data-id=\"ebfee5a\" data-element_type=\"widget\" data-e-type=\"widget\" data-widget_type=\"image.default\">\n\t\t\t\t<div class=\"elementor-widget-container\">\n\t\t\t\t\t\t\t\t\t\t\t\t\t\t\t<img decoding=\"async\" src=\"https:\/\/ecocgm.com\/wp-content\/uploads\/f2-somos-infografia.jpg\" title=\"\" alt=\"\" loading=\"lazy\" \/>\t\t\t\t\t\t\t\t\t\t\t\t\t\t\t<\/div>\n\t\t\t\t<\/div>\n\t\t\t\t\t<\/div>\n\t\t<\/div>\n\t\t\t\t\t<\/div>\n\t\t<\/section>\n\t\t\t\t<section class=\"elementor-section elementor-top-section elementor-element elementor-element-3d498fd elementor-section-boxed elementor-section-height-default elementor-section-height-default\" data-id=\"3d498fd\" data-element_type=\"section\" data-e-type=\"section\">\n\t\t\t\t\t\t<div class=\"elementor-container elementor-column-gap-default\">\n\t\t\t\t\t<div class=\"elementor-column elementor-col-33 elementor-top-column elementor-element elementor-element-108fb94\" data-id=\"108fb94\" data-element_type=\"column\" data-e-type=\"column\" data-settings=\"{&quot;background_background&quot;:&quot;classic&quot;}\">\n\t\t\t<div class=\"elementor-widget-wrap elementor-element-populated\">\n\t\t\t\t\t\t<div class=\"elementor-element elementor-element-f2ca6db elementor-widget elementor-widget-text-editor\" data-id=\"f2ca6db\" data-element_type=\"widget\" data-e-type=\"widget\" data-widget_type=\"text-editor.default\">\n\t\t\t\t<div class=\"elementor-widget-container\">\n\t\t\t\t\t\t\t\t\t<p>Creemos en la b\u00fasqueda constante de nuevas soluciones para conseguir una mejor gesti\u00f3n de los residuos (REPENSAR).<\/p><p>Creemos que la innovaci\u00f3n es fundamental para crear un futuro m\u00e1s sostenible (REINVENTAR).<\/p><p>Creemos en los principios de la econom\u00eda circular para transformar los residuos en nuevos recursos (RECICLAR).<\/p>\t\t\t\t\t\t\t\t<\/div>\n\t\t\t\t<\/div>\n\t\t\t\t\t<\/div>\n\t\t<\/div>\n\t\t\t\t<div class=\"elementor-column elementor-col-33 elementor-top-column elementor-element elementor-element-77e3572\" data-id=\"77e3572\" data-element_type=\"column\" data-e-type=\"column\" data-settings=\"{&quot;background_background&quot;:&quot;classic&quot;}\">\n\t\t\t<div class=\"elementor-widget-wrap elementor-element-populated\">\n\t\t\t\t\t\t<div class=\"elementor-element elementor-element-f9756af elementor-widget elementor-widget-text-editor\" data-id=\"f9756af\" data-element_type=\"widget\" data-e-type=\"widget\" data-widget_type=\"text-editor.default\">\n\t\t\t\t<div class=\"elementor-widget-container\">\n\t\t\t\t\t\t\t\t\t<p><strong>VISI\u00d3N<\/strong><\/p><p>Queremos hacer del mundo un lugar mejor. Por eso, ayudamos a las empresas a ser<br \/>m\u00e1s responsables con el medioambiente.<\/p>\t\t\t\t\t\t\t\t<\/div>\n\t\t\t\t<\/div>\n\t\t\t\t\t<\/div>\n\t\t<\/div>\n\t\t\t\t<div class=\"elementor-column elementor-col-33 elementor-top-column elementor-element elementor-element-b3fbde7\" data-id=\"b3fbde7\" data-element_type=\"column\" data-e-type=\"column\" data-settings=\"{&quot;background_background&quot;:&quot;classic&quot;}\">\n\t\t\t<div class=\"elementor-widget-wrap elementor-element-populated\">\n\t\t\t\t\t\t<div class=\"elementor-element elementor-element-7f17e66 elementor-widget elementor-widget-text-editor\" data-id=\"7f17e66\" data-element_type=\"widget\" data-e-type=\"widget\" data-widget_type=\"text-editor.default\">\n\t\t\t\t<div class=\"elementor-widget-container\">\n\t\t\t\t\t\t\t\t\t<p><strong>MISI\u00d3N<\/strong><\/p><p>Ofrecer soluciones eficientes en la gesti\u00f3n de los residuos, favoreciendo los principios de la Econom\u00eda Circular.<\/p>\t\t\t\t\t\t\t\t<\/div>\n\t\t\t\t<\/div>\n\t\t\t\t\t<\/div>\n\t\t<\/div>\n\t\t\t\t\t<\/div>\n\t\t<\/section>\n\t\t\t\t<section class=\"elementor-section elementor-top-section elementor-element elementor-element-3a2644f elementor-section-boxed elementor-section-height-default elementor-section-height-default\" data-id=\"3a2644f\" data-element_type=\"section\" data-e-type=\"section\">\n\t\t\t\t\t\t<div class=\"elementor-container elementor-column-gap-default\">\n\t\t\t\t\t<div class=\"elementor-column elementor-col-100 elementor-top-column elementor-element elementor-element-5c3e12b\" data-id=\"5c3e12b\" data-element_type=\"column\" data-e-type=\"column\">\n\t\t\t<div class=\"elementor-widget-wrap elementor-element-populated\">\n\t\t\t\t\t\t<div class=\"elementor-element elementor-element-687f261 elementor-widget elementor-widget-heading\" data-id=\"687f261\" data-element_type=\"widget\" data-e-type=\"widget\" data-widget_type=\"heading.default\">\n\t\t\t\t<div class=\"elementor-widget-container\">\n\t\t\t\t\t<h2 class=\"elementor-heading-title elementor-size-default\">CGM: un partner<br> para tu empresa<\/h2>\t\t\t\t<\/div>\n\t\t\t\t<\/div>\n\t\t\t\t<div class=\"elementor-element elementor-element-afa3173 elementor-widget elementor-widget-text-editor\" data-id=\"afa3173\" data-element_type=\"widget\" data-e-type=\"widget\" data-widget_type=\"text-editor.default\">\n\t\t\t\t<div class=\"elementor-widget-container\">\n\t\t\t\t\t\t\t\t\t<p>En un entorno medioambiental que est\u00e1 h\u00edper regulado y que cada vez impone nuevas normativas y m\u00e1s exigentes, <strong>las empresas generadoras de residuos necesitan un partner especializado<\/strong> que las acompa\u00f1e en este recorrido.<\/p><p>En CGM realizamos cualquier servicio relacionado con los residuos y con las limpiezas industriales:<\/p><p><strong>1. Con todas las garant\u00edas medioambientales.<\/strong><br \/><strong>2. Con plazos de ejecuci\u00f3n muy reducidos.<\/strong><br \/><strong>3. Con costes muy competitivos.<\/strong><\/p><p>Sectores de actividad en los que prestamos nuestros servicios:<\/p>\t\t\t\t\t\t\t\t<\/div>\n\t\t\t\t<\/div>\n\t\t\t\t\t<\/div>\n\t\t<\/div>\n\t\t\t\t\t<\/div>\n\t\t<\/section>\n\t\t\t\t<section class=\"elementor-section elementor-top-section elementor-element elementor-element-7c80497 elementor-section-boxed elementor-section-height-default elementor-section-height-default\" data-id=\"7c80497\" data-element_type=\"section\" data-e-type=\"section\">\n\t\t\t\t\t\t<div class=\"elementor-container elementor-column-gap-default\">\n\t\t\t\t\t<div class=\"elementor-column elementor-col-25 elementor-top-column elementor-element elementor-element-f63271c\" data-id=\"f63271c\" data-element_type=\"column\" data-e-type=\"column\">\n\t\t\t<div class=\"elementor-widget-wrap elementor-element-populated\">\n\t\t\t\t\t\t<div class=\"elementor-element elementor-element-39eec96 elementor-position-top elementor-widget elementor-widget-image-box\" data-id=\"39eec96\" data-element_type=\"widget\" data-e-type=\"widget\" data-widget_type=\"image-box.default\">\n\t\t\t\t<div class=\"elementor-widget-container\">\n\t\t\t\t\t<div class=\"elementor-image-box-wrapper\"><figure class=\"elementor-image-box-img\"><a href=\"https:\/\/ecocgm.com\/es\/servicios\/servicios-industriales\/\" tabindex=\"-1\"><img decoding=\"async\" src=\"https:\/\/ecocgm.com\/wp-content\/uploads\/1-home-industria-1.svg\" title=\"\" alt=\"\" loading=\"lazy\" \/><\/a><\/figure><div class=\"elementor-image-box-content\"><h3 class=\"elementor-image-box-title\"><a href=\"https:\/\/ecocgm.com\/es\/servicios\/servicios-industriales\/\">INDUSTRIA<\/a><\/h3><\/div><\/div>\t\t\t\t<\/div>\n\t\t\t\t<\/div>\n\t\t\t\t\t<\/div>\n\t\t<\/div>\n\t\t\t\t<div class=\"elementor-column elementor-col-25 elementor-top-column elementor-element elementor-element-0029a19\" data-id=\"0029a19\" data-element_type=\"column\" data-e-type=\"column\">\n\t\t\t<div class=\"elementor-widget-wrap elementor-element-populated\">\n\t\t\t\t\t\t<div class=\"elementor-element elementor-element-42714cf elementor-position-top elementor-widget elementor-widget-image-box\" data-id=\"42714cf\" data-element_type=\"widget\" data-e-type=\"widget\" data-widget_type=\"image-box.default\">\n\t\t\t\t<div class=\"elementor-widget-container\">\n\t\t\t\t\t<div class=\"elementor-image-box-wrapper\"><figure class=\"elementor-image-box-img\"><a href=\"https:\/\/ecocgm.com\/es\/servicios\/servicios-a-la-construccion\/\" tabindex=\"-1\"><img decoding=\"async\" src=\"https:\/\/ecocgm.com\/wp-content\/uploads\/2-home-construccion.svg\" title=\"\" alt=\"\" loading=\"lazy\" \/><\/a><\/figure><div class=\"elementor-image-box-content\"><h3 class=\"elementor-image-box-title\"><a href=\"https:\/\/ecocgm.com\/es\/servicios\/servicios-a-la-construccion\/\">CONSTRUCCI\u00d3N<\/a><\/h3><\/div><\/div>\t\t\t\t<\/div>\n\t\t\t\t<\/div>\n\t\t\t\t\t<\/div>\n\t\t<\/div>\n\t\t\t\t<div class=\"elementor-column elementor-col-25 elementor-top-column elementor-element elementor-element-359af6e\" data-id=\"359af6e\" data-element_type=\"column\" data-e-type=\"column\">\n\t\t\t<div class=\"elementor-widget-wrap elementor-element-populated\">\n\t\t\t\t\t\t<div class=\"elementor-element elementor-element-cbc6657 elementor-position-top elementor-widget elementor-widget-image-box\" data-id=\"cbc6657\" data-element_type=\"widget\" data-e-type=\"widget\" data-widget_type=\"image-box.default\">\n\t\t\t\t<div class=\"elementor-widget-container\">\n\t\t\t\t\t<div class=\"elementor-image-box-wrapper\"><figure class=\"elementor-image-box-img\"><a href=\"https:\/\/ecocgm.com\/es\/servicios\/servicios-urbanos\/\" tabindex=\"-1\"><img decoding=\"async\" src=\"https:\/\/ecocgm.com\/wp-content\/uploads\/3-home-urbanos.svg\" title=\"\" alt=\"\" loading=\"lazy\" \/><\/a><\/figure><div class=\"elementor-image-box-content\"><h3 class=\"elementor-image-box-title\"><a href=\"https:\/\/ecocgm.com\/es\/servicios\/servicios-urbanos\/\">URBANOS<\/a><\/h3><\/div><\/div>\t\t\t\t<\/div>\n\t\t\t\t<\/div>\n\t\t\t\t\t<\/div>\n\t\t<\/div>\n\t\t\t\t<div class=\"elementor-column elementor-col-25 elementor-top-column elementor-element elementor-element-968fdcd\" data-id=\"968fdcd\" data-element_type=\"column\" data-e-type=\"column\">\n\t\t\t<div class=\"elementor-widget-wrap elementor-element-populated\">\n\t\t\t\t\t\t<div class=\"elementor-element elementor-element-77d5b25 elementor-position-top elementor-widget elementor-widget-image-box\" data-id=\"77d5b25\" data-element_type=\"widget\" data-e-type=\"widget\" data-widget_type=\"image-box.default\">\n\t\t\t\t<div class=\"elementor-widget-container\">\n\t\t\t\t\t<div class=\"elementor-image-box-wrapper\"><figure class=\"elementor-image-box-img\"><a href=\"https:\/\/ecocgm.com\/es\/servicios\/tramites-administrativos\/\" tabindex=\"-1\"><img decoding=\"async\" src=\"https:\/\/ecocgm.com\/wp-content\/uploads\/4-home-consultoria.svg\" title=\"\" alt=\"\" loading=\"lazy\" \/><\/a><\/figure><div class=\"elementor-image-box-content\"><h3 class=\"elementor-image-box-title\"><a href=\"https:\/\/ecocgm.com\/es\/servicios\/tramites-administrativos\/\">CONSULTOR\u00cdA<\/a><\/h3><\/div><\/div>\t\t\t\t<\/div>\n\t\t\t\t<\/div>\n\t\t\t\t\t<\/div>\n\t\t<\/div>\n\t\t\t\t\t<\/div>\n\t\t<\/section>\n\t\t\t\t<section class=\"elementor-section elementor-top-section elementor-element elementor-element-e930bcb elementor-section-boxed elementor-section-height-default elementor-section-height-default\" data-id=\"e930bcb\" data-element_type=\"section\" data-e-type=\"section\">\n\t\t\t\t\t\t<div class=\"elementor-container elementor-column-gap-default\">\n\t\t\t\t\t<div class=\"elementor-column elementor-col-100 elementor-top-column elementor-element elementor-element-7cb470a\" data-id=\"7cb470a\" data-element_type=\"column\" data-e-type=\"column\">\n\t\t\t<div class=\"elementor-widget-wrap elementor-element-populated\">\n\t\t\t\t\t\t<div class=\"elementor-element elementor-element-4d39b7b elementor-widget-divider--view-line elementor-widget elementor-widget-divider\" data-id=\"4d39b7b\" data-element_type=\"widget\" data-e-type=\"widget\" data-widget_type=\"divider.default\">\n\t\t\t\t<div class=\"elementor-widget-container\">\n\t\t\t\t\t\t\t<div class=\"elementor-divider\">\n\t\t\t<span class=\"elementor-divider-separator\">\n\t\t\t\t\t\t<\/span>\n\t\t<\/div>\n\t\t\t\t\t\t<\/div>\n\t\t\t\t<\/div>\n\t\t\t\t\t<\/div>\n\t\t<\/div>\n\t\t\t\t\t<\/div>\n\t\t<\/section>\n\t\t\t\t<\/div>\n\t\t","protected":false},"excerpt":{"rendered":"<p>Creemos en la b\u00fasqueda constante de nuevas soluciones para conseguir una mejor gesti\u00f3n de los residuos (REPENSAR). Creemos que la innovaci\u00f3n es fundamental para crear un futuro m\u00e1s sostenible (REINVENTAR). Creemos en los principios de la econom\u00eda circular para transformar los residuos en nuevos recursos (RECICLAR). VISI\u00d3N Queremos hacer del mundo un lugar mejor. Por &#8230; <a title=\"Qui\u00e9nes somos\" class=\"read-more\" href=\"https:\/\/ecocgm.com\/es\/quienes-somos\/\" aria-label=\"Leer m\u00e1s sobre Qui\u00e9nes somos\">Leer m\u00e1s<\/a><\/p>\n","protected":false},"author":1,"featured_media":0,"parent":0,"menu_order":0,"comment_status":"closed","ping_status":"closed","template":"","meta":{"editor_notices":[],"footnotes":""},"class_list":["post-15","page","type-page","status-publish"],"yoast_head":"<!-- This site is optimized with the Yoast SEO plugin v27.4 - https:\/\/yoast.com\/product\/yoast-seo-wordpress\/ -->\n<title>Qui\u00e9nes somos - CGM - Centro de Gesti\u00f3n Mediambiental<\/title>\n<meta name=\"robots\" content=\"index, follow, max-snippet:-1, max-image-preview:large, max-video-preview:-1\" \/>\n<link rel=\"canonical\" href=\"https:\/\/ecocgm.com\/es\/quienes-somos\/\" \/>\n<meta property=\"og:locale\" content=\"es_ES\" \/>\n<meta property=\"og:type\" content=\"article\" \/>\n<meta property=\"og:title\" content=\"Qui\u00e9nes somos - CGM - Centro de Gesti\u00f3n Mediambiental\" \/>\n<meta property=\"og:description\" content=\"Creemos en la b\u00fasqueda constante de nuevas soluciones para conseguir una mejor gesti\u00f3n de los residuos (REPENSAR). Creemos que la innovaci\u00f3n es fundamental para crear un futuro m\u00e1s sostenible (REINVENTAR). Creemos en los principios de la econom\u00eda circular para transformar los residuos en nuevos recursos (RECICLAR). VISI\u00d3N Queremos hacer del mundo un lugar mejor. Por ... Leer m\u00e1s\" \/>\n<meta property=\"og:url\" content=\"https:\/\/ecocgm.com\/es\/quienes-somos\/\" \/>\n<meta property=\"og:site_name\" content=\"CGM\" \/>\n<meta property=\"article:modified_time\" content=\"2022-04-27T10:58:25+00:00\" \/>\n<meta property=\"og:image\" content=\"https:\/\/ecocgm.com\/wp-content\/uploads\/f2-somos-infografia.jpg\" \/>\n<meta name=\"twitter:card\" content=\"summary_large_image\" \/>\n<meta name=\"twitter:label1\" content=\"Tiempo de lectura\" \/>\n\t<meta name=\"twitter:data1\" content=\"1 minuto\" \/>\n<script type=\"application\/ld+json\" class=\"yoast-schema-graph\">{\"@context\":\"https:\\\/\\\/schema.org\",\"@graph\":[{\"@type\":\"WebPage\",\"@id\":\"https:\\\/\\\/ecocgm.com\\\/es\\\/quienes-somos\\\/\",\"url\":\"https:\\\/\\\/ecocgm.com\\\/es\\\/quienes-somos\\\/\",\"name\":\"Qui\u00e9nes somos - CGM - Centro de Gesti\u00f3n Mediambiental\",\"isPartOf\":{\"@id\":\"http:\\\/\\\/ecocgm.com\\\/es\\\/#website\"},\"primaryImageOfPage\":{\"@id\":\"https:\\\/\\\/ecocgm.com\\\/es\\\/quienes-somos\\\/#primaryimage\"},\"image\":{\"@id\":\"https:\\\/\\\/ecocgm.com\\\/es\\\/quienes-somos\\\/#primaryimage\"},\"thumbnailUrl\":\"https:\\\/\\\/ecocgm.com\\\/wp-content\\\/uploads\\\/f2-somos-infografia.jpg\",\"datePublished\":\"2018-07-06T16:31:14+00:00\",\"dateModified\":\"2022-04-27T10:58:25+00:00\",\"breadcrumb\":{\"@id\":\"https:\\\/\\\/ecocgm.com\\\/es\\\/quienes-somos\\\/#breadcrumb\"},\"inLanguage\":\"es\",\"potentialAction\":[{\"@type\":\"ReadAction\",\"target\":[\"https:\\\/\\\/ecocgm.com\\\/es\\\/quienes-somos\\\/\"]}]},{\"@type\":\"ImageObject\",\"inLanguage\":\"es\",\"@id\":\"https:\\\/\\\/ecocgm.com\\\/es\\\/quienes-somos\\\/#primaryimage\",\"url\":\"https:\\\/\\\/ecocgm.com\\\/wp-content\\\/uploads\\\/f2-somos-infografia.jpg\",\"contentUrl\":\"https:\\\/\\\/ecocgm.com\\\/wp-content\\\/uploads\\\/f2-somos-infografia.jpg\"},{\"@type\":\"BreadcrumbList\",\"@id\":\"https:\\\/\\\/ecocgm.com\\\/es\\\/quienes-somos\\\/#breadcrumb\",\"itemListElement\":[{\"@type\":\"ListItem\",\"position\":1,\"name\":\"Portada\",\"item\":\"http:\\\/\\\/ecocgm.com\\\/es\\\/\"},{\"@type\":\"ListItem\",\"position\":2,\"name\":\"Qui\u00e9nes somos\"}]},{\"@type\":\"WebSite\",\"@id\":\"http:\\\/\\\/ecocgm.com\\\/es\\\/#website\",\"url\":\"http:\\\/\\\/ecocgm.com\\\/es\\\/\",\"name\":\"CGM\",\"description\":\"Centro de Gesti\u00f3n Mediambiental\",\"publisher\":{\"@id\":\"http:\\\/\\\/ecocgm.com\\\/es\\\/#organization\"},\"potentialAction\":[{\"@type\":\"SearchAction\",\"target\":{\"@type\":\"EntryPoint\",\"urlTemplate\":\"http:\\\/\\\/ecocgm.com\\\/es\\\/?s={search_term_string}\"},\"query-input\":{\"@type\":\"PropertyValueSpecification\",\"valueRequired\":true,\"valueName\":\"search_term_string\"}}],\"inLanguage\":\"es\"},{\"@type\":\"Organization\",\"@id\":\"http:\\\/\\\/ecocgm.com\\\/es\\\/#organization\",\"name\":\"CGM\",\"url\":\"http:\\\/\\\/ecocgm.com\\\/es\\\/\",\"logo\":{\"@type\":\"ImageObject\",\"inLanguage\":\"es\",\"@id\":\"http:\\\/\\\/ecocgm.com\\\/es\\\/#\\\/schema\\\/logo\\\/image\\\/\",\"url\":\"https:\\\/\\\/ecocgm.com\\\/es\\\/wp-content\\\/uploads\\\/sites\\\/2\\\/1-logo-cabecera-560x100px.png\",\"contentUrl\":\"https:\\\/\\\/ecocgm.com\\\/es\\\/wp-content\\\/uploads\\\/sites\\\/2\\\/1-logo-cabecera-560x100px.png\",\"width\":561,\"height\":101,\"caption\":\"CGM\"},\"image\":{\"@id\":\"http:\\\/\\\/ecocgm.com\\\/es\\\/#\\\/schema\\\/logo\\\/image\\\/\"}}]}<\/script>\n<!-- \/ Yoast SEO plugin. -->","yoast_head_json":{"title":"Qui\u00e9nes somos - CGM - Centro de Gesti\u00f3n Mediambiental","robots":{"index":"index","follow":"follow","max-snippet":"max-snippet:-1","max-image-preview":"max-image-preview:large","max-video-preview":"max-video-preview:-1"},"canonical":"https:\/\/ecocgm.com\/es\/quienes-somos\/","og_locale":"es_ES","og_type":"article","og_title":"Qui\u00e9nes somos - CGM - Centro de Gesti\u00f3n Mediambiental","og_description":"Creemos en la b\u00fasqueda constante de nuevas soluciones para conseguir una mejor gesti\u00f3n de los residuos (REPENSAR). Creemos que la innovaci\u00f3n es fundamental para crear un futuro m\u00e1s sostenible (REINVENTAR). Creemos en los principios de la econom\u00eda circular para transformar los residuos en nuevos recursos (RECICLAR). VISI\u00d3N Queremos hacer del mundo un lugar mejor. Por ... Leer m\u00e1s","og_url":"https:\/\/ecocgm.com\/es\/quienes-somos\/","og_site_name":"CGM","article_modified_time":"2022-04-27T10:58:25+00:00","og_image":[{"url":"https:\/\/ecocgm.com\/wp-content\/uploads\/f2-somos-infografia.jpg","type":"","width":"","height":""}],"twitter_card":"summary_large_image","twitter_misc":{"Tiempo de lectura":"1 minuto"},"schema":{"@context":"https:\/\/schema.org","@graph":[{"@type":"WebPage","@id":"https:\/\/ecocgm.com\/es\/quienes-somos\/","url":"https:\/\/ecocgm.com\/es\/quienes-somos\/","name":"Qui\u00e9nes somos - CGM - Centro de Gesti\u00f3n Mediambiental","isPartOf":{"@id":"http:\/\/ecocgm.com\/es\/#website"},"primaryImageOfPage":{"@id":"https:\/\/ecocgm.com\/es\/quienes-somos\/#primaryimage"},"image":{"@id":"https:\/\/ecocgm.com\/es\/quienes-somos\/#primaryimage"},"thumbnailUrl":"https:\/\/ecocgm.com\/wp-content\/uploads\/f2-somos-infografia.jpg","datePublished":"2018-07-06T16:31:14+00:00","dateModified":"2022-04-27T10:58:25+00:00","breadcrumb":{"@id":"https:\/\/ecocgm.com\/es\/quienes-somos\/#breadcrumb"},"inLanguage":"es","potentialAction":[{"@type":"ReadAction","target":["https:\/\/ecocgm.com\/es\/quienes-somos\/"]}]},{"@type":"ImageObject","inLanguage":"es","@id":"https:\/\/ecocgm.com\/es\/quienes-somos\/#primaryimage","url":"https:\/\/ecocgm.com\/wp-content\/uploads\/f2-somos-infografia.jpg","contentUrl":"https:\/\/ecocgm.com\/wp-content\/uploads\/f2-somos-infografia.jpg"},{"@type":"BreadcrumbList","@id":"https:\/\/ecocgm.com\/es\/quienes-somos\/#breadcrumb","itemListElement":[{"@type":"ListItem","position":1,"name":"Portada","item":"http:\/\/ecocgm.com\/es\/"},{"@type":"ListItem","position":2,"name":"Qui\u00e9nes somos"}]},{"@type":"WebSite","@id":"http:\/\/ecocgm.com\/es\/#website","url":"http:\/\/ecocgm.com\/es\/","name":"CGM","description":"Centro de Gesti\u00f3n Mediambiental","publisher":{"@id":"http:\/\/ecocgm.com\/es\/#organization"},"potentialAction":[{"@type":"SearchAction","target":{"@type":"EntryPoint","urlTemplate":"http:\/\/ecocgm.com\/es\/?s={search_term_string}"},"query-input":{"@type":"PropertyValueSpecification","valueRequired":true,"valueName":"search_term_string"}}],"inLanguage":"es"},{"@type":"Organization","@id":"http:\/\/ecocgm.com\/es\/#organization","name":"CGM","url":"http:\/\/ecocgm.com\/es\/","logo":{"@type":"ImageObject","inLanguage":"es","@id":"http:\/\/ecocgm.com\/es\/#\/schema\/logo\/image\/","url":"https:\/\/ecocgm.com\/es\/wp-content\/uploads\/sites\/2\/1-logo-cabecera-560x100px.png","contentUrl":"https:\/\/ecocgm.com\/es\/wp-content\/uploads\/sites\/2\/1-logo-cabecera-560x100px.png","width":561,"height":101,"caption":"CGM"},"image":{"@id":"http:\/\/ecocgm.com\/es\/#\/schema\/logo\/image\/"}}]}},"_links":{"self":[{"href":"https:\/\/ecocgm.com\/es\/wp-json\/wp\/v2\/pages\/15","targetHints":{"allow":["GET"]}}],"collection":[{"href":"https:\/\/ecocgm.com\/es\/wp-json\/wp\/v2\/pages"}],"about":[{"href":"https:\/\/ecocgm.com\/es\/wp-json\/wp\/v2\/types\/page"}],"author":[{"embeddable":true,"href":"https:\/\/ecocgm.com\/es\/wp-json\/wp\/v2\/users\/1"}],"replies":[{"embeddable":true,"href":"https:\/\/ecocgm.com\/es\/wp-json\/wp\/v2\/comments?post=15"}],"version-history":[{"count":42,"href":"https:\/\/ecocgm.com\/es\/wp-json\/wp\/v2\/pages\/15\/revisions"}],"predecessor-version":[{"id":649,"href":"https:\/\/ecocgm.com\/es\/wp-json\/wp\/v2\/pages\/15\/revisions\/649"}],"wp:attachment":[{"href":"https:\/\/ecocgm.com\/es\/wp-json\/wp\/v2\/media?parent=15"}],"curies":[{"name":"wp","href":"https:\/\/api.w.org\/{rel}","templated":true}]}}